{"id":7,"date":"2022-12-16T20:45:44","date_gmt":"2022-12-16T19:45:44","guid":{"rendered":"https:\/\/mummypoppinslyon.wordpress.com\/home-2\/"},"modified":"2026-03-31T18:33:40","modified_gmt":"2026-03-31T16:33:40","slug":"accompagnante-postnatale-doula","status":"publish","type":"page","link":"https:\/\/mummypoppins.fr\/","title":{"rendered":"Votre doula postnatale \u00e0 Lyon et autour de Bourgoin-Jallieu"},"content":{"rendered":"\n<div class=\"wp-block-group alignfull has-lightbg-background-color has-background is-vertical is-content-justification-center is-layout-flex wp-container-core-group-is-layout-45ce7b0c wp-block-group-is-layout-flex\" style=\"padding-top:7px;padding-right:8vw;padding-bottom:40px;padding-left:8vw\">\n<div class=\"wp-block-media-text alignfull is-stacked-on-mobile is-vertically-aligned-top is-image-fill-element\" style=\"grid-template-columns:30% auto\"><figure class=\"wp-block-media-text__media\"><img loading=\"lazy\" decoding=\"async\" width=\"768\" height=\"1024\" src=\"https:\/\/mummypoppins.fr\/wp-content\/uploads\/2023\/10\/20210627_104618-768x1024.jpg\" alt=\"Justine, accompagnante postnatale ou doula postnatale\" class=\"wp-image-1107 size-full\" style=\"object-position:64% 40%\" srcset=\"https:\/\/mummypoppins.fr\/wp-content\/uploads\/2023\/10\/20210627_104618-768x1024.jpg 768w, https:\/\/mummypoppins.fr\/wp-content\/uploads\/2023\/10\/20210627_104618-225x300.jpg 225w, https:\/\/mummypoppins.fr\/wp-content\/uploads\/2023\/10\/20210627_104618-1152x1536.jpg 1152w, https:\/\/mummypoppins.fr\/wp-content\/uploads\/2023\/10\/20210627_104618-1536x2048.jpg 1536w, https:\/\/mummypoppins.fr\/wp-content\/uploads\/2023\/10\/20210627_104618-scaled.jpg 1920w\" sizes=\"auto, (max-width: 768px) 100vw, 768px\" \/><\/figure><div class=\"wp-block-media-text__content\">\n<div class=\"wp-block-group has-text-color has-global-padding is-content-justification-left is-layout-constrained wp-container-core-group-is-layout-6a5c3e4d wp-block-group-is-layout-constrained\" style=\"color:#070be3;padding-right:var(--wp--preset--spacing--30);padding-left:2vw\">\n<h2 class=\"wp-block-heading has-source-serif-pro-font-family\" id=\"bienvenue\" style=\"margin-top:var(--wp--preset--spacing--20);margin-bottom:var(--wp--preset--spacing--20)\">Bienvenue aux futurs et jeunes parents !<\/h2>\n\n\n\n<p><\/p>\n\n\n\n<p class=\"has-text-color has-link-color wp-elements-b56e7a6856b47faa0c5bb5af4510f727\" style=\"color:#0a07e3;font-size:18px\">Je suis Justine, sp\u00e9cialis\u00e9e dans l&rsquo;<strong>accompagnement postnatal \u00e0 Lyon<\/strong> et alentours. En tant que doula postnatale, je suis \u00e0 vos c\u00f4t\u00e9s \u00e0 domicile Lyon intramuros et dans l\u2019Est lyonnais (de Bron \u00e0 La Tour du Pin en passant par Bourgoin-Jallieu), ou en visioconf\u00e9rence o\u00f9 que vous soyez.<\/p>\n\n\n\n<p>La p\u00e9riode apr\u00e8s la naissance, appel\u00e9e post-partum, est un moment unique qui m\u00e9rite une attention particuli\u00e8re. En tant que doula postnatale, ma mission est d\u2019accompagner chaque famille vers un post-partum joyeux et \u00e9panouissant. Je vous propose :<\/p>\n\n\n\n<ul class=\"wp-block-list\">\n<li>une \u00e9coute bienveillante et un soutien \u00e9motionnel adapt\u00e9 \u00e0 vos besoins,<\/li>\n\n\n\n<li>un soutien pratique pour l\u2019organisation de votre quotidien (cuisine\u2026),<\/li>\n\n\n\n<li>une aide pr\u00e9cieuse pour pr\u00e9venir l\u2019\u00e9puisement parental (outils pour g\u00e9rer son stress, s\u2019organiser, am\u00e9liorer les nuits\u2026),<\/li>\n\n\n\n<li>des ressources concr\u00e8tes sur toutes les questions de la p\u00e9riode postnatale (donn\u00e9es, livres, contacts\u2026),<\/li>\n\n\n\n<li>de prendre soin de votre corps et permettre le l\u00e2cher-prise (rebozo, yoga, massage).<\/li>\n<\/ul>\n\n\n\n<p>Chaque famille est unique, c\u2019est pourquoi je propose des formules enti\u00e8rement personnalisables selon vos besoins. Ensemble, nous cr\u00e9erons l\u2019accompagnement qui vous correspond.<\/p>\n\n\n\n<p>Pr\u00eats \u00e0 vivre l\u2019arriv\u00e9e de votre b\u00e9b\u00e9 avec confiance et s\u00e9r\u00e9nit\u00e9?<\/p>\n\n\n\n<p>I am fluent in english and love meeting people from all around the world so let\u2019s get in touch !<\/p>\n\n\n\n<p class=\"has-text-color has-link-color wp-elements-ff68ed4a621719c1ac5032b68d0f0e6d\" style=\"color:#0a07e3;font-size:18px\"><img decoding=\"async\" alt=\"\ud83d\udcde\" src=\"https:\/\/s.w.org\/images\/core\/emoji\/17.0.2\/svg\/1f4de.svg\">&nbsp;Contactez-moi pour un&nbsp;<a href=\"https:\/\/meet.brevo.com\/postpartumserein\/appel-decouverte-gratuit-mummy-poppins\">premier \u00e9change gratuit<\/a>&nbsp;et d\u00e9couvrez comment un accompagnement post-partum peut transformer votre exp\u00e9rience de la parentalit\u00e9.<\/p>\n<\/div>\n<\/div><\/div>\n<\/div>\n\n\n\n<div class=\"wp-block-query alignfull is-layout-flow wp-block-query-is-layout-flow\">\n<div class=\"wp-block-columns is-layout-flex wp-container-core-columns-is-layout-28f84493 wp-block-columns-is-layout-flex\">\n<div class=\"wp-block-column is-layout-flow wp-block-column-is-layout-flow\" style=\"flex-basis:110%\">\n<div class=\"wp-block-group alignwide is-style-default is-layout-flow wp-container-core-group-is-layout-05b98ad4 wp-block-group-is-layout-flow\" style=\"padding-right:var(--wp--preset--spacing--80);padding-left:var(--wp--preset--spacing--80)\">\n<h2 class=\"wp-block-heading has-text-align-left is-style-gradientmask has-background has-x-large-font-size\" id=\"greenshift-unique-wordpress-theme\" style=\"background-color:#0a07e3;margin-top:var(--wp--preset--spacing--20);margin-bottom:0;padding-top:0;padding-right:0;padding-bottom:0;padding-left:0\">mon accompagnement postnatal \u00e0 Lyon et en visio :<\/h2>\n\n\n\n<div class=\"wp-block-columns alignwide is-not-stacked-on-mobile is-layout-flex wp-container-core-columns-is-layout-ea69a204 wp-block-columns-is-layout-flex\">\n<div class=\"wp-block-column has-black-color has-text-color has-background has-link-color wp-elements-b5c9b669d4c35b7cc0e8a700d7dc6dfa is-layout-flow wp-block-column-is-layout-flow\" style=\"background-color:#e6f0fc;padding-top:var(--wp--preset--spacing--60);padding-right:var(--wp--preset--spacing--60);padding-bottom:var(--wp--preset--spacing--60);padding-left:var(--wp--preset--spacing--60);flex-basis:280px\">\n<h4 class=\"wp-block-heading has-text-align-center\" id=\"extremelly-fast\">Les ateliers en groupe pour les particuliers <\/h4>\n\n\n\n<figure class=\"wp-block-image size-large has-custom-border size-full is-style-default\"><img loading=\"lazy\" decoding=\"async\" width=\"683\" height=\"1024\" src=\"https:\/\/mummypoppins.fr\/wp-content\/uploads\/2022\/12\/pexels-photo-4672719-683x1024.jpeg\" alt=\"le soutien \u00e9motionnel et l'\u00e9coute sont \u00e0 la base de mon m\u00e9tier d'accompagnante postnatale ou doula postnatale\" class=\"wp-image-89\" style=\"border-radius:15px\" srcset=\"https:\/\/mummypoppins.fr\/wp-content\/uploads\/2022\/12\/pexels-photo-4672719-683x1024.jpeg 683w, https:\/\/mummypoppins.fr\/wp-content\/uploads\/2022\/12\/pexels-photo-4672719-200x300.jpeg 200w, https:\/\/mummypoppins.fr\/wp-content\/uploads\/2022\/12\/pexels-photo-4672719-768x1152.jpeg 768w, https:\/\/mummypoppins.fr\/wp-content\/uploads\/2022\/12\/pexels-photo-4672719.jpeg 867w\" sizes=\"auto, (max-width: 683px) 100vw, 683px\" \/><\/figure>\n<\/div>\n\n\n\n<div class=\"wp-block-column has-black-color has-text-color has-background has-link-color wp-elements-cce30a962097769b57e7470a8c706bc0 is-layout-flow wp-block-column-is-layout-flow\" style=\"background-color:#e6f0fc;padding-top:var(--wp--preset--spacing--60);padding-right:var(--wp--preset--spacing--60);padding-bottom:var(--wp--preset--spacing--60);padding-left:var(--wp--preset--spacing--60);flex-basis:280px\">\n<h4 class=\"wp-block-heading has-text-align-center\" id=\"extremelly-fast\">La danse pr\u00e9natale<\/h4>\n\n\n\n<figure class=\"wp-block-image size-large has-custom-border size-full is-style-default\"><img loading=\"lazy\" decoding=\"async\" width=\"683\" height=\"1024\" src=\"https:\/\/mummypoppins.fr\/wp-content\/uploads\/2022\/12\/pexels-photo-10956985-683x1024.jpeg\" alt=\"l'alimentation du nouveau-n\u00e9 est un sujet majeur de pr\u00e9occupation pour les jeunes parents et sujet phare du m\u00e9tier d'accompagnante postnatale\" class=\"wp-image-49\" style=\"border-radius:15px\" srcset=\"https:\/\/mummypoppins.fr\/wp-content\/uploads\/2022\/12\/pexels-photo-10956985-683x1024.jpeg 683w, https:\/\/mummypoppins.fr\/wp-content\/uploads\/2022\/12\/pexels-photo-10956985-200x300.jpeg 200w, https:\/\/mummypoppins.fr\/wp-content\/uploads\/2022\/12\/pexels-photo-10956985-768x1152.jpeg 768w, https:\/\/mummypoppins.fr\/wp-content\/uploads\/2022\/12\/pexels-photo-10956985.jpeg 867w\" sizes=\"auto, (max-width: 683px) 100vw, 683px\" \/><\/figure>\n<\/div>\n\n\n\n<div class=\"wp-block-column has-black-color has-text-color has-background has-link-color wp-elements-2a7407d57565021abfc1acac7f565bff is-layout-flow wp-block-column-is-layout-flow\" style=\"background-color:#e6f0fc;padding-top:var(--wp--preset--spacing--60);padding-right:var(--wp--preset--spacing--60);padding-bottom:var(--wp--preset--spacing--60);padding-left:var(--wp--preset--spacing--60);flex-basis:280px\">\n<h4 class=\"wp-block-heading has-text-align-center\" id=\"extremelly-fast\">L&rsquo;accompagnement postnatal \u00e0 domicile<\/h4>\n\n\n\n<figure class=\"wp-block-image size-large has-custom-border size-full is-style-default\"><img loading=\"lazy\" decoding=\"async\" width=\"683\" height=\"1024\" src=\"https:\/\/mummypoppins.fr\/wp-content\/uploads\/2022\/12\/pexels-photo-3976434-683x1024.jpeg\" alt=\"le sommeil de b\u00e9b\u00e9, \u00e9l\u00e9ment crucial du bien-\u00eatre de la nouvelle famille en postnatal\" class=\"wp-image-55\" style=\"border-radius:15px\" srcset=\"https:\/\/mummypoppins.fr\/wp-content\/uploads\/2022\/12\/pexels-photo-3976434-683x1024.jpeg 683w, https:\/\/mummypoppins.fr\/wp-content\/uploads\/2022\/12\/pexels-photo-3976434-200x300.jpeg 200w, https:\/\/mummypoppins.fr\/wp-content\/uploads\/2022\/12\/pexels-photo-3976434-768x1152.jpeg 768w, https:\/\/mummypoppins.fr\/wp-content\/uploads\/2022\/12\/pexels-photo-3976434.jpeg 867w\" sizes=\"auto, (max-width: 683px) 100vw, 683px\" \/><\/figure>\n<\/div>\n\n\n\n<div class=\"wp-block-column has-background is-layout-flow wp-block-column-is-layout-flow\" style=\"background-color:#e6f0fc;padding-top:var(--wp--preset--spacing--60);padding-right:var(--wp--preset--spacing--60);padding-bottom:var(--wp--preset--spacing--60);padding-left:var(--wp--preset--spacing--60);flex-basis:280px\">\n<h4 class=\"wp-block-heading has-text-align-center has-basecolor-color has-text-color\" id=\"alimentation-revitalisante\"><\/h4>\n\n\n\n<figure class=\"wp-block-image size-large has-custom-border\"><img loading=\"lazy\" decoding=\"async\" width=\"683\" height=\"1024\" src=\"https:\/\/mummypoppins.fr\/wp-content\/uploads\/2022\/12\/pexels-photo-8366741-683x1024.jpeg\" alt=\"en tant qu'accompagnante postnatale ou doula postnatale, je peux vous pr\u00e9parer de bons petits plats sains et revigorants\" class=\"wp-image-62\" style=\"border-radius:15px\" srcset=\"https:\/\/mummypoppins.fr\/wp-content\/uploads\/2022\/12\/pexels-photo-8366741-683x1024.jpeg 683w, https:\/\/mummypoppins.fr\/wp-content\/uploads\/2022\/12\/pexels-photo-8366741-200x300.jpeg 200w, https:\/\/mummypoppins.fr\/wp-content\/uploads\/2022\/12\/pexels-photo-8366741-768x1152.jpeg 768w, https:\/\/mummypoppins.fr\/wp-content\/uploads\/2022\/12\/pexels-photo-8366741.jpeg 867w\" sizes=\"auto, (max-width: 683px) 100vw, 683px\" \/><\/figure>\n<\/div>\n<\/div>\n\n\n\n<div class=\"wp-block-columns alignfull is-layout-flex wp-container-core-columns-is-layout-6520a7b9 wp-block-columns-is-layout-flex\" style=\"margin-top:var(--wp--preset--spacing--70)\">\n<div class=\"wp-block-column is-layout-flow wp-block-column-is-layout-flow\" style=\"flex-basis:25%\"><\/div>\n\n\n\n<div class=\"wp-block-column is-layout-flow wp-block-column-is-layout-flow\" style=\"flex-basis:25%\">\n<div class=\"wp-block-buttons gs-tablet-start is-content-justification-center is-layout-flex wp-container-core-buttons-is-layout-a89b3969 wp-block-buttons-is-layout-flex\"><\/div>\n<style>@media only screen and (max-width: 992px){.gs-tablet-start{justify-content:flex-start !important}}<\/style><\/div>\n\n\n\n<div class=\"wp-block-column is-layout-flow wp-block-column-is-layout-flow\" style=\"flex-basis:25%\"><\/div>\n\n\n\n<div class=\"wp-block-column is-layout-flow wp-block-column-is-layout-flow\" style=\"flex-basis:25%\"><\/div>\n<\/div>\n<\/div>\n<\/div>\n<\/div>\n<\/div>\n\n\n\n<h2 class=\"wp-block-heading\">Accompagnante postnatale et doula postnatale, quelle diff\u00e9rence?<\/h2>\n\n\n\n<p>Il n\u2019y en a pas, c\u2019est la m\u00eame chose !<\/p>\n\n\n\n<p>Le terme \u00ab doula \u00bb vient du grec ancien et signifie \u00ab celle qui sert la m\u00e8re \u00bb. La doula est une femme qui soutient les autres femmes (ainsi que leur entourage) durant les diff\u00e9rentes \u00e9tapes de leur vie. Elle accompagne les transitions et les p\u00e9riodes de vuln\u00e9rabilit\u00e9 en apportant un soutien \u00e9motionnel et pratique. Elle est la personne sur qui l\u2019on peut s\u2019appuyer lors des moments difficiles, celle qui rassure et prend soin, celle qui nous montre toutes nos ressources et sait mettre en lumi\u00e8re les qualit\u00e9s, comp\u00e9tences et atouts de chacune.<\/p>\n\n\n\n<p>Elle ne r\u00e9alise aucun geste m\u00e9dical. Ce n\u2019est ni une sage-femme, ni une psychologue, sa comp\u00e9tence est strictement non m\u00e9dicale et vient en compl\u00e9ment d\u2019un suivi m\u00e9dical.<\/p>\n\n\n\n<p>La&nbsp;doula&nbsp;ou accompagnante postnatale, elle, est sp\u00e9cialis\u00e9e sur la p\u00e9riode qui suit la naissance et peut accompagner les parents depuis la fin de la grossesse jusqu\u2019au 3 ans de l\u2019enfant (voire plus!).<\/p>\n\n\n\n<p>En tant que doula postnatale, j\u2019ai \u00e0 coeur de vous montrer que vous \u00eates&nbsp;<strong>capable<\/strong>, que vous avez&nbsp;<strong>les ressources en vous<\/strong>&nbsp;et que vous \u00eates&nbsp;<strong>le meilleur parent pour votre enfant&nbsp;<\/strong>!<\/p>\n\n\n\n<p>Je m\u2019appuie sur un r\u00e9seau de professionnels de la p\u00e9rinatalit\u00e9 que je peux vous recommander pour r\u00e9pondre \u00e0 vos probl\u00e9matiques de fa\u00e7on bienveillante et efficace.<\/p>\n","protected":false},"excerpt":{"rendered":"<p>Bienvenue aux futurs et jeunes parents ! Je suis Justine, sp\u00e9cialis\u00e9e dans l&rsquo;accompagnement postnatal \u00e0 Lyon et alentours. En tant que doula postnatale, je suis \u00e0 vos c\u00f4t\u00e9s \u00e0 domicile Lyon intramuros et dans l\u2019Est lyonnais (de Bron \u00e0 La Tour du Pin en passant par Bourgoin-Jallieu), ou en visioconf\u00e9rence o\u00f9 que vous soyez. La [&hellip;]<\/p>\n","protected":false},"author":1,"featured_media":0,"parent":0,"menu_order":0,"comment_status":"closed","ping_status":"closed","template":"","meta":{"footnotes":""},"class_list":["post-7","page","type-page","status-publish","hentry"],"featured_image_url":[],"post_author":"mummypoppinslyon","assigned_categories":"","yoast_head":"<!-- This site is optimized with the Yoast SEO plugin v27.0 - https:\/\/yoast.com\/product\/yoast-seo-wordpress\/ -->\n<title>Doula \u00e0 Lyon - Accompagnement postnatal, rebozo, sommeil, caf\u00e9s<\/title>\n<meta name=\"description\" content=\"Soutien en post-partum, soin rebozo et ateliers autour de Lyon et en visio pour des parents soutenus et confiants en post-partum\" \/>\n<meta name=\"robots\" content=\"index, follow, max-snippet:-1, max-image-preview:large, max-video-preview:-1\" \/>\n<link rel=\"canonical\" href=\"https:\/\/mummypoppins.fr\/\" \/>\n<meta property=\"og:locale\" content=\"fr_FR\" \/>\n<meta property=\"og:type\" content=\"article\" \/>\n<meta property=\"og:title\" content=\"Doula \u00e0 Lyon - Accompagnement postnatal, rebozo, sommeil, caf\u00e9s\" \/>\n<meta property=\"og:description\" content=\"Soutien en post-partum, soin rebozo et ateliers autour de Lyon et en visio pour des parents soutenus et confiants en post-partum\" \/>\n<meta property=\"og:url\" content=\"https:\/\/mummypoppins.fr\/\" \/>\n<meta property=\"og:site_name\" content=\"Mummy Poppins\" \/>\n<meta property=\"article:publisher\" content=\"https:\/\/www.facebook.com\/people\/Mummy-Poppins-accompagnement-postnatal\/61555212313275\/?_rdr\" \/>\n<meta property=\"article:modified_time\" content=\"2026-03-31T16:33:40+00:00\" \/>\n<meta property=\"og:image\" content=\"https:\/\/mummypoppins.fr\/wp-content\/uploads\/2023\/10\/20210627_104618-scaled.jpg\" \/>\n\t<meta property=\"og:image:width\" content=\"1920\" \/>\n\t<meta property=\"og:image:height\" content=\"2560\" \/>\n\t<meta property=\"og:image:type\" content=\"image\/jpeg\" \/>\n<meta name=\"twitter:card\" content=\"summary_large_image\" \/>\n<meta name=\"twitter:label1\" content=\"Dur\u00e9e de lecture estim\u00e9e\" \/>\n\t<meta name=\"twitter:data1\" content=\"4 minutes\" \/>\n<script type=\"application\/ld+json\" class=\"yoast-schema-graph\">{\"@context\":\"https:\/\/schema.org\",\"@graph\":[{\"@type\":\"WebPage\",\"@id\":\"https:\/\/mummypoppins.fr\/\",\"url\":\"https:\/\/mummypoppins.fr\/\",\"name\":\"Doula \u00e0 Lyon - Accompagnement postnatal, rebozo, sommeil, caf\u00e9s\",\"isPartOf\":{\"@id\":\"https:\/\/mummypoppins.fr\/#website\"},\"primaryImageOfPage\":{\"@id\":\"https:\/\/mummypoppins.fr\/#primaryimage\"},\"image\":{\"@id\":\"https:\/\/mummypoppins.fr\/#primaryimage\"},\"thumbnailUrl\":\"https:\/\/mummypoppins.fr\/wp-content\/uploads\/2023\/10\/20210627_104618-768x1024.jpg\",\"datePublished\":\"2022-12-16T19:45:44+00:00\",\"dateModified\":\"2026-03-31T16:33:40+00:00\",\"description\":\"Soutien en post-partum, soin rebozo et ateliers autour de Lyon et en visio pour des parents soutenus et confiants en post-partum\",\"breadcrumb\":{\"@id\":\"https:\/\/mummypoppins.fr\/#breadcrumb\"},\"inLanguage\":\"fr-FR\",\"potentialAction\":[{\"@type\":\"ReadAction\",\"target\":[\"https:\/\/mummypoppins.fr\/\"]}]},{\"@type\":\"ImageObject\",\"inLanguage\":\"fr-FR\",\"@id\":\"https:\/\/mummypoppins.fr\/#primaryimage\",\"url\":\"https:\/\/mummypoppins.fr\/wp-content\/uploads\/2023\/10\/20210627_104618-scaled.jpg\",\"contentUrl\":\"https:\/\/mummypoppins.fr\/wp-content\/uploads\/2023\/10\/20210627_104618-scaled.jpg\",\"width\":1920,\"height\":2560},{\"@type\":\"BreadcrumbList\",\"@id\":\"https:\/\/mummypoppins.fr\/#breadcrumb\",\"itemListElement\":[{\"@type\":\"ListItem\",\"position\":1,\"name\":\"Accueil\",\"item\":\"https:\/\/mummypoppins.fr\/\"},{\"@type\":\"ListItem\",\"position\":2,\"name\":\"Votre doula postnatale \u00e0 Lyon et autour de Bourgoin-Jallieu\"}]},{\"@type\":\"WebSite\",\"@id\":\"https:\/\/mummypoppins.fr\/#website\",\"url\":\"https:\/\/mummypoppins.fr\/\",\"name\":\"Mummy Poppins - accompagnement doula postnatale\",\"description\":\"Doula \u00e0 Lyon et Bourgoin-Jallieu -accompagnement postnatal\",\"publisher\":{\"@id\":\"https:\/\/mummypoppins.fr\/#organization\"},\"potentialAction\":[{\"@type\":\"SearchAction\",\"target\":{\"@type\":\"EntryPoint\",\"urlTemplate\":\"https:\/\/mummypoppins.fr\/?s={search_term_string}\"},\"query-input\":{\"@type\":\"PropertyValueSpecification\",\"valueRequired\":true,\"valueName\":\"search_term_string\"}}],\"inLanguage\":\"fr-FR\"},{\"@type\":\"Organization\",\"@id\":\"https:\/\/mummypoppins.fr\/#organization\",\"name\":\"Mummy Poppins\",\"url\":\"https:\/\/mummypoppins.fr\/\",\"logo\":{\"@type\":\"ImageObject\",\"inLanguage\":\"fr-FR\",\"@id\":\"https:\/\/mummypoppins.fr\/#\/schema\/logo\/image\/\",\"url\":\"https:\/\/mummypoppins.fr\/wp-content\/uploads\/2023\/03\/mummy-poppins-1.png\",\"contentUrl\":\"https:\/\/mummypoppins.fr\/wp-content\/uploads\/2023\/03\/mummy-poppins-1.png\",\"width\":500,\"height\":500,\"caption\":\"Mummy Poppins\"},\"image\":{\"@id\":\"https:\/\/mummypoppins.fr\/#\/schema\/logo\/image\/\"},\"sameAs\":[\"https:\/\/www.facebook.com\/people\/Mummy-Poppins-accompagnement-postnatal\/61555212313275\/?_rdr\",\"https:\/\/www.instagram.com\/mummypoppin_s\"]}]}<\/script>\n<!-- \/ Yoast SEO plugin. -->","yoast_head_json":{"title":"Doula \u00e0 Lyon - Accompagnement postnatal, rebozo, sommeil, caf\u00e9s","description":"Soutien en post-partum, soin rebozo et ateliers autour de Lyon et en visio pour des parents soutenus et confiants en post-partum","robots":{"index":"index","follow":"follow","max-snippet":"max-snippet:-1","max-image-preview":"max-image-preview:large","max-video-preview":"max-video-preview:-1"},"canonical":"https:\/\/mummypoppins.fr\/","og_locale":"fr_FR","og_type":"article","og_title":"Doula \u00e0 Lyon - Accompagnement postnatal, rebozo, sommeil, caf\u00e9s","og_description":"Soutien en post-partum, soin rebozo et ateliers autour de Lyon et en visio pour des parents soutenus et confiants en post-partum","og_url":"https:\/\/mummypoppins.fr\/","og_site_name":"Mummy Poppins","article_publisher":"https:\/\/www.facebook.com\/people\/Mummy-Poppins-accompagnement-postnatal\/61555212313275\/?_rdr","article_modified_time":"2026-03-31T16:33:40+00:00","og_image":[{"width":1920,"height":2560,"url":"https:\/\/mummypoppins.fr\/wp-content\/uploads\/2023\/10\/20210627_104618-scaled.jpg","type":"image\/jpeg"}],"twitter_card":"summary_large_image","twitter_misc":{"Dur\u00e9e de lecture estim\u00e9e":"4 minutes"},"schema":{"@context":"https:\/\/schema.org","@graph":[{"@type":"WebPage","@id":"https:\/\/mummypoppins.fr\/","url":"https:\/\/mummypoppins.fr\/","name":"Doula \u00e0 Lyon - Accompagnement postnatal, rebozo, sommeil, caf\u00e9s","isPartOf":{"@id":"https:\/\/mummypoppins.fr\/#website"},"primaryImageOfPage":{"@id":"https:\/\/mummypoppins.fr\/#primaryimage"},"image":{"@id":"https:\/\/mummypoppins.fr\/#primaryimage"},"thumbnailUrl":"https:\/\/mummypoppins.fr\/wp-content\/uploads\/2023\/10\/20210627_104618-768x1024.jpg","datePublished":"2022-12-16T19:45:44+00:00","dateModified":"2026-03-31T16:33:40+00:00","description":"Soutien en post-partum, soin rebozo et ateliers autour de Lyon et en visio pour des parents soutenus et confiants en post-partum","breadcrumb":{"@id":"https:\/\/mummypoppins.fr\/#breadcrumb"},"inLanguage":"fr-FR","potentialAction":[{"@type":"ReadAction","target":["https:\/\/mummypoppins.fr\/"]}]},{"@type":"ImageObject","inLanguage":"fr-FR","@id":"https:\/\/mummypoppins.fr\/#primaryimage","url":"https:\/\/mummypoppins.fr\/wp-content\/uploads\/2023\/10\/20210627_104618-scaled.jpg","contentUrl":"https:\/\/mummypoppins.fr\/wp-content\/uploads\/2023\/10\/20210627_104618-scaled.jpg","width":1920,"height":2560},{"@type":"BreadcrumbList","@id":"https:\/\/mummypoppins.fr\/#breadcrumb","itemListElement":[{"@type":"ListItem","position":1,"name":"Accueil","item":"https:\/\/mummypoppins.fr\/"},{"@type":"ListItem","position":2,"name":"Votre doula postnatale \u00e0 Lyon et autour de Bourgoin-Jallieu"}]},{"@type":"WebSite","@id":"https:\/\/mummypoppins.fr\/#website","url":"https:\/\/mummypoppins.fr\/","name":"Mummy Poppins - accompagnement doula postnatale","description":"Doula \u00e0 Lyon et Bourgoin-Jallieu -accompagnement postnatal","publisher":{"@id":"https:\/\/mummypoppins.fr\/#organization"},"potentialAction":[{"@type":"SearchAction","target":{"@type":"EntryPoint","urlTemplate":"https:\/\/mummypoppins.fr\/?s={search_term_string}"},"query-input":{"@type":"PropertyValueSpecification","valueRequired":true,"valueName":"search_term_string"}}],"inLanguage":"fr-FR"},{"@type":"Organization","@id":"https:\/\/mummypoppins.fr\/#organization","name":"Mummy Poppins","url":"https:\/\/mummypoppins.fr\/","logo":{"@type":"ImageObject","inLanguage":"fr-FR","@id":"https:\/\/mummypoppins.fr\/#\/schema\/logo\/image\/","url":"https:\/\/mummypoppins.fr\/wp-content\/uploads\/2023\/03\/mummy-poppins-1.png","contentUrl":"https:\/\/mummypoppins.fr\/wp-content\/uploads\/2023\/03\/mummy-poppins-1.png","width":500,"height":500,"caption":"Mummy Poppins"},"image":{"@id":"https:\/\/mummypoppins.fr\/#\/schema\/logo\/image\/"},"sameAs":["https:\/\/www.facebook.com\/people\/Mummy-Poppins-accompagnement-postnatal\/61555212313275\/?_rdr","https:\/\/www.instagram.com\/mummypoppin_s"]}]}},"_links":{"self":[{"href":"https:\/\/mummypoppins.fr\/wp-json\/wp\/v2\/pages\/7","targetHints":{"allow":["GET"]}}],"collection":[{"href":"https:\/\/mummypoppins.fr\/wp-json\/wp\/v2\/pages"}],"about":[{"href":"https:\/\/mummypoppins.fr\/wp-json\/wp\/v2\/types\/page"}],"author":[{"embeddable":true,"href":"https:\/\/mummypoppins.fr\/wp-json\/wp\/v2\/users\/1"}],"replies":[{"embeddable":true,"href":"https:\/\/mummypoppins.fr\/wp-json\/wp\/v2\/comments?post=7"}],"version-history":[{"count":122,"href":"https:\/\/mummypoppins.fr\/wp-json\/wp\/v2\/pages\/7\/revisions"}],"predecessor-version":[{"id":4603,"href":"https:\/\/mummypoppins.fr\/wp-json\/wp\/v2\/pages\/7\/revisions\/4603"}],"wp:attachment":[{"href":"https:\/\/mummypoppins.fr\/wp-json\/wp\/v2\/media?parent=7"}],"curies":[{"name":"wp","href":"https:\/\/api.w.org\/{rel}","templated":true}]}}